{"id":640,"date":"2024-06-09T18:38:15","date_gmt":"2024-06-09T18:38:15","guid":{"rendered":"https:\/\/irangaodontologams.lt\/?post_type=product&#038;p=640"},"modified":"2024-08-27T09:49:02","modified_gmt":"2024-08-27T09:49:02","slug":"eva-cam","status":"publish","type":"product","link":"https:\/\/irangaodontologams.lt\/en\/product\/eva-cam\/","title":{"rendered":"EVA CAM"},"content":{"rendered":"<h3><a href=\"https:\/\/faro.it\/wp-content\/uploads\/2022\/05\/B-EVA4k-EN-Rev000_FARO.pdf\" target=\"_blank\" rel=\"noopener\"><img decoding=\"async\" class=\"\" src=\"https:\/\/freepngimg.com\/download\/icon\/development\/2899-download-pdf.png\" alt=\"Download Download Pdf ICON free | FreePNGImg\" width=\"70\" height=\"84\" \/><\/a><\/h3>\n<p><strong>EVA CAM<\/strong>\u00a0 there is an operating lamp with an integrated professional camera available for purchase\u00a0<strong>SUNLIGHT<\/strong>\u00a0and\u00a0<strong>TUNABLE WHITE<\/strong> \u00a0versions. Ideal for real-time photo and video sharing and comparison live and remotely. Zoom is designed for dental practice to ensure direct and accurate framing.<\/p>\n<h3><strong>Features:<\/strong><\/h3>\n<ul>\n<li>Easy and intuitive software for Windows, Mac and Android.<\/li>\n<li>Access and share photos and videos via email. by email on any device without editing<\/li>\n<li>Pedal with cable and wireless connection (optional)<\/li>\n<\/ul>\n<h3><strong>Technical specifications:<\/strong><\/h3>\n<ul>\n<li>4K resolution<\/li>\n<li>Video format MP4<\/li>\n<li>Photo format JPG<\/li>\n<li>Standard lens: 25mm<\/li>\n<li>Optional lens: 16mm<\/li>\n<\/ul>\n<h3><strong>Specifications:<\/strong><\/h3>\n<table>\n<tbody>\n<tr>\n<td width=\"167\"><\/td>\n<td width=\"88\">,,Sunlight&quot;<\/td>\n<td colspan=\"4\" width=\"359\">&quot;Eva&quot; can be combined with white<\/td>\n<\/tr>\n<tr>\n<td width=\"167\"><\/td>\n<td width=\"88\">5000 thousand<\/td>\n<td width=\"85\">4000 thousand<\/td>\n<td width=\"85\">5000 thousand<\/td>\n<td width=\"85\">5700 thousand<\/td>\n<td width=\"104\">Compose<\/td>\n<\/tr>\n<tr>\n<td width=\"167\">Power supply AC<\/td>\n<td colspan=\"5\" width=\"447\">24VAC 50\/60Hz - 32Vdc<\/td>\n<\/tr>\n<tr>\n<td width=\"167\">DC power supply<\/td>\n<td colspan=\"5\" width=\"447\">32Vdc 14VA (28VA)<\/td>\n<\/tr>\n<tr>\n<td width=\"167\">Light spot dimensions (at a distance of 700 mm)<\/td>\n<td width=\"88\">190\u00d7100<\/td>\n<td colspan=\"4\" width=\"359\">190\u00d7100<\/td>\n<\/tr>\n<tr>\n<td width=\"167\">Lux (at 700 mm)<\/td>\n<td width=\"88\">50 000<\/td>\n<td colspan=\"3\" width=\"255\">50 000<\/td>\n<td width=\"104\">11 000<\/td>\n<\/tr>\n<tr>\n<td width=\"167\">Pure Shadow S-FX<\/td>\n<td width=\"88\">10\u00d75 mm<\/td>\n<td colspan=\"4\" width=\"359\">10\u00d75 mm<\/td>\n<\/tr>\n<tr>\n<td width=\"167\">Color temperature (k)<\/td>\n<td width=\"88\">5000<\/td>\n<td width=\"85\">4000<\/td>\n<td width=\"85\">5000<\/td>\n<td width=\"85\">5700<\/td>\n<td width=\"104\">2700<\/td>\n<\/tr>\n<tr>\n<td width=\"167\">CRI<\/td>\n<td width=\"88\">97<\/td>\n<td width=\"85\">95<\/td>\n<td width=\"85\">97<\/td>\n<td width=\"85\">95<\/td>\n<td width=\"104\">96<\/td>\n<\/tr>\n<tr>\n<td width=\"167\">Rotation system<\/td>\n<td colspan=\"5\" width=\"447\">3 axis<\/td>\n<\/tr>\n<tr>\n<td width=\"167\">Head rotation &gt; 360\u00b0<\/td>\n<td colspan=\"5\" width=\"447\">Yes<\/td>\n<\/tr>\n<tr>\n<td width=\"167\">Memorizing the last deluxe level<\/td>\n<td colspan=\"5\" width=\"447\">Yes<\/td>\n<\/tr>\n<tr>\n<td width=\"167\">Bright light indicator<\/td>\n<td colspan=\"5\" width=\"447\">Yes<\/td>\n<\/tr>\n<tr>\n<td width=\"167\">Bright color temperature indicator<\/td>\n<td colspan=\"5\" width=\"447\">Yes<\/td>\n<\/tr>\n<\/tbody>\n<\/table>\n<p><iframe title=\"Piercing - Eva Cam 4K\" width=\"1140\" height=\"641\" src=\"https:\/\/www.youtube.com\/embed\/V0uARKtvP6w?feature=oembed\" frameborder=\"0\" allow=\"accelerometer; autoplay; clipboard-write; encrypted-media; gyroscope; picture-in-picture; web-share\" referrerpolicy=\"strict-origin-when-cross-origin\" allowfullscreen><\/iframe><\/p>\n<p><iframe title=\"EVA SUNLIGHT | Tutorial ENG\" width=\"1140\" height=\"641\" src=\"https:\/\/www.youtube.com\/embed\/vgthAY82seA?feature=oembed\" frameborder=\"0\" allow=\"accelerometer; autoplay; clipboard-write; encrypted-media; gyroscope; picture-in-picture; web-share\" referrerpolicy=\"strict-origin-when-cross-origin\" allowfullscreen><\/iframe><\/p>\n<p><iframe title=\"EVA TUNABLE WHITE | Tutorial ENG\" width=\"1140\" height=\"641\" src=\"https:\/\/www.youtube.com\/embed\/oYl0t6YSM9k?feature=oembed\" frameborder=\"0\" allow=\"accelerometer; autoplay; clipboard-write; encrypted-media; gyroscope; picture-in-picture; web-share\" referrerpolicy=\"strict-origin-when-cross-origin\" allowfullscreen><\/iframe><\/p>\n<p>&nbsp;<\/p>\n<p>&nbsp;<\/p>","protected":false},"excerpt":{"rendered":"<p>EVA CAM\u00a0 yra operacin\u0117 lempa su\u00a0\u00a0integruota profesionalia kamera, kuri\u0105 galima \u012fsigyti\u00a0SUNLIGHT\u00a0ir\u00a0TUNABLE WHITE \u00a0versijose. Idealiai tinka realaus laiko nuotraukoms ir vaizdo \u012fra\u0161ams bendrinti ir palyginti gyvai ir nuotoliniu b\u016bdu. Priartinimas yra [&hellip;]<\/p>","protected":false},"featured_media":641,"comment_status":"open","ping_status":"closed","template":"","meta":[],"product_cat":[17,58,60],"product_tag":[],"class_list":{"0":"post-640","1":"product","2":"type-product","3":"status-publish","4":"has-post-thumbnail","6":"product_cat-odontologija","7":"product_cat-sviestuvai","8":"product_cat-montuojami-prie-odontologijos-irangos","10":"first","11":"instock","12":"shipping-taxable","13":"product-type-simple"},"_links":{"self":[{"href":"https:\/\/irangaodontologams.lt\/en\/wp-json\/wp\/v2\/product\/640","targetHints":{"allow":["GET"]}}],"collection":[{"href":"https:\/\/irangaodontologams.lt\/en\/wp-json\/wp\/v2\/product"}],"about":[{"href":"https:\/\/irangaodontologams.lt\/en\/wp-json\/wp\/v2\/types\/product"}],"replies":[{"embeddable":true,"href":"https:\/\/irangaodontologams.lt\/en\/wp-json\/wp\/v2\/comments?post=640"}],"wp:featuredmedia":[{"embeddable":true,"href":"https:\/\/irangaodontologams.lt\/en\/wp-json\/wp\/v2\/media\/641"}],"wp:attachment":[{"href":"https:\/\/irangaodontologams.lt\/en\/wp-json\/wp\/v2\/media?parent=640"}],"wp:term":[{"taxonomy":"product_cat","embeddable":true,"href":"https:\/\/irangaodontologams.lt\/en\/wp-json\/wp\/v2\/product_cat?post=640"},{"taxonomy":"product_tag","embeddable":true,"href":"https:\/\/irangaodontologams.lt\/en\/wp-json\/wp\/v2\/product_tag?post=640"}],"curies":[{"name":"wp","href":"https:\/\/api.w.org\/{rel}","templated":true}]}}