{"id":623,"date":"2024-06-09T17:59:51","date_gmt":"2024-06-09T17:59:51","guid":{"rendered":"https:\/\/irangaodontologams.lt\/?post_type=product&#038;p=623"},"modified":"2024-06-09T18:09:20","modified_gmt":"2024-06-09T18:09:20","slug":"chirurginis-siuvimo-rinkinys","status":"publish","type":"product","link":"https:\/\/irangaodontologams.lt\/en\/product\/chirurginis-siuvimo-rinkinys\/","title":{"rendered":"Surgical suture set"},"content":{"rendered":"<p><strong>Inside the set you will find:<\/strong><\/p>\n<ul>\n<li>1022 Tweezers &quot;Perry&quot;<\/li>\n<li>1024 Tweezers &quot;Meriam&quot;<\/li>\n<li>3520 Scissors &quot;Spencer&quot;<\/li>\n<li>3521 Scissors &quot;Spencer&quot;<\/li>\n<li>3528 Scissors &quot;Spencer&quot;<\/li>\n<li>4905\/8 Mirror N.5 with handle<\/li>\n<li>560\/2 &quot;Explorer&quot; double<\/li>\n<li>980\/10 &quot;Gammafix&quot; tray &quot;Tre&quot;<\/li>\n<\/ul>\n<p><strong>All the practicality of the &quot;GAMMAFIX&quot; tray<\/strong><\/p>\n<p>&quot;GAMMAFIX by MEDESY&quot; pallets are characterized by high quality and functionality; they are specially designed to facilitate the handling of surgical instruments with maximum safety and ensure safe sterilization for the patient, but without damaging the instrument itself.<\/p>","protected":false},"excerpt":{"rendered":"<p>Komplekto viduje rasite: 1022 Pincetas ,,Perry&#8221; 1024 Pincetas ,,Meriam&#8221; 3520 \u017dirkl\u0117s ,,Spencer&#8221; 3521 \u017dirkl\u0117s ,,Spencer&#8221; 3528 \u017dirkl\u0117s ,,Spencer&#8221; 4905\/8 Veidrodis N.5 su rankena 560\/2 ,,Explorer&#8221; dvigubas 980\/10 ,,Gammafix&#8221; pad\u0117klas ,,Tre&#8221; [&hellip;]<\/p>","protected":false},"featured_media":625,"comment_status":"open","ping_status":"closed","template":"","meta":[],"product_cat":[17,87,88],"product_tag":[],"class_list":{"0":"post-623","1":"product","2":"type-product","3":"status-publish","4":"has-post-thumbnail","6":"product_cat-odontologija","7":"product_cat-odontologiniai-instrumentai","8":"product_cat-chirurginiai-instrumentai","10":"first","11":"instock","12":"shipping-taxable","13":"product-type-simple"},"_links":{"self":[{"href":"https:\/\/irangaodontologams.lt\/en\/wp-json\/wp\/v2\/product\/623","targetHints":{"allow":["GET"]}}],"collection":[{"href":"https:\/\/irangaodontologams.lt\/en\/wp-json\/wp\/v2\/product"}],"about":[{"href":"https:\/\/irangaodontologams.lt\/en\/wp-json\/wp\/v2\/types\/product"}],"replies":[{"embeddable":true,"href":"https:\/\/irangaodontologams.lt\/en\/wp-json\/wp\/v2\/comments?post=623"}],"wp:featuredmedia":[{"embeddable":true,"href":"https:\/\/irangaodontologams.lt\/en\/wp-json\/wp\/v2\/media\/625"}],"wp:attachment":[{"href":"https:\/\/irangaodontologams.lt\/en\/wp-json\/wp\/v2\/media?parent=623"}],"wp:term":[{"taxonomy":"product_cat","embeddable":true,"href":"https:\/\/irangaodontologams.lt\/en\/wp-json\/wp\/v2\/product_cat?post=623"},{"taxonomy":"product_tag","embeddable":true,"href":"https:\/\/irangaodontologams.lt\/en\/wp-json\/wp\/v2\/product_tag?post=623"}],"curies":[{"name":"wp","href":"https:\/\/api.w.org\/{rel}","templated":true}]}}