{"id":1225,"date":"2024-06-14T18:34:12","date_gmt":"2024-06-14T18:34:12","guid":{"rendered":"https:\/\/irangaodontologams.lt\/?post_type=product&#038;p=1225"},"modified":"2025-03-06T07:49:37","modified_gmt":"2025-03-06T07:49:37","slug":"puma-eli-r-castellini-italija","status":"publish","type":"product","link":"https:\/\/irangaodontologams.lt\/en\/product\/puma-eli-r-castellini-italija\/","title":{"rendered":"PUMA ELI R &quot;Castellini&quot; Italy"},"content":{"rendered":"<h3><a href=\"https:\/\/20004868.fs1.hubspotusercontent-eu1.net\/hubfs\/20004868\/CASTELLINI%202024\/Documents\/Castellini_Puma_Eli_24OTT2023_GB.pdf\" target=\"_blank\" rel=\"noopener\"><img decoding=\"async\" class=\"alignnone\" src=\"https:\/\/freepngimg.com\/download\/icon\/development\/2899-download-pdf.png\" alt=\"Download Download Pdf ICON free | FreePNGImg\" width=\"70\" height=\"84\" \/><\/a><\/h3>\n<h3><strong>Style<\/strong><\/h3>\n<p>The essence of the Puma ELI Castellini allows dentists to carry out their daily work with peace and ease. The Puma ELI Castellini model is extremely easy to handle, compact and equipped with ergonomic features, making it an even more suitable solution for those who seek real reliability and quality.<\/p>\n<h3><strong>Balanced design<\/strong><\/h3>\n<p>Smooth movements and ergonomics, taking into account the needs of the doctor working with hanging sleeves. The CP modification remains compact and facilitates operations in any clinical setting.<\/p>\n<p><img decoding=\"async\" src=\"https:\/\/www.castellini.com\/hubfs\/tavoletta-odontoiatrica-2.jpg\" alt=\"tavoletta-odontoiatrica-2\" \/><\/p>\n<h3><strong>Practical versatility<\/strong><\/h3>\n<p>Maximum freedom of work in surgery requires a flexible solution that allows dentists to work comfortably in any situation. Using the &quot;Cart&quot; or &quot;Single Cart&quot; modifications, the dentist can freely choose the most convenient place and enjoy the absolute practicality of an independent solution.<\/p>\n<h3><strong>Made for orthodontists<\/strong><\/h3>\n<p>Modification &quot;Puma ELI Castellini ORTHO&quot; is intended for orthodontists, the design meets the special needs of the dentist during orthodontic treatment. Mobile tool tray, can be easily adapted to any workplace. The assistant side is ready for one or two dynamic instruments controlled by a convenient control panel.<\/p>\n<h3><strong>Headrest with pneumatic brake<\/strong><\/h3>\n<p>The headrest can be optionally equipped with a unique pneumatic orbital headrest that moves in three axes for precise and fast positioning. A button on the lower part of the headrest activates the position selection.<\/p>\n<p><img decoding=\"async\" src=\"https:\/\/www.castellini.com\/hubfs\/appoggiatesta-pneumatico-1.jpg\" alt=\"appoggiatesta-pneumatico-1\" \/><\/p>\n<h3><strong>Leg support<\/strong><\/h3>\n<p>Adjustable leg support (optional) allows for easy and thorough disinfection.<\/p>\n<p><img decoding=\"async\" src=\"https:\/\/www.castellini.com\/hubfs\/appoggiapiedi-1.jpg\" alt=\"appoggiapiedi-1\" \/><\/p>\n<h3><strong>For the convenience of the patient<\/strong><\/h3>\n<p>The comfort concept starts with the patient chair, which is equipped with a silent motor to lift patients weighing up to 190 kg. The backrest is thin, but durable, properly compensating back and seat movements. The patient chair gently accompanies the patient, reducing the compression effect in the lumbar region.<\/p>\n<h3><strong>Touch screen control panel<\/strong><\/h3>\n<p>The Puma ELI R model is equipped with a new instrument control panel with a touch screen and an integrated X-ray image display (negatoscope). The alphanumeric display allows smooth and conservative control of dental functions, providing important data and allowing direct setting of work parameters. The &quot;clean&quot; button temporarily disables the touch screen for disinfection.<\/p>\n<p><img decoding=\"async\" src=\"https:\/\/www.castellini.com\/hubfs\/consolle-touchscreen-1.jpg\" alt=\"konsole-touchscreen-1\" \/><\/p>\n<h3><strong>Handy Power micro motor<\/strong><\/h3>\n<p>Handy Power is an ultra-lightweight, compact brushless micromotor with or without LED lighting. &quot;Handy Power is quiet and vibration-free. Due to the exceptional reliability of the brushless technology, only minimal maintenance is required. Suitable for conservative and prosthetic dentistry.<\/p>\n<ul>\n<li>Revolutions from 100 to 40,000 rpm, 1:1 ratio<\/li>\n<li>Maximum torque up to 3.3 Ncm<\/li>\n<li>It is possible to set the maximum speed in advance<\/li>\n<\/ul>\n<p><img decoding=\"async\" src=\"https:\/\/www.castellini.com\/hubfs\/strumenti-1.jpg\" alt=\"instrumenti-1\" \/><\/p>\n<h3><strong>Piezolight 6<\/strong><\/h3>\n<p>Universal and multifunctional ultrasonic scalers, supplied with or without LED illumination, are suitable for preventive, endodontic and periodontal procedures.<\/p>\n<ul>\n<li>Wide power adjustment range.<\/li>\n<li>Self-adjustment of power according to workload.<\/li>\n<li>Coolant supply can be adjusted from zero to maximum flow.<\/li>\n<li>Fully autoclaved.<\/li>\n<\/ul>\n<p><img decoding=\"async\" src=\"https:\/\/www.castellini.com\/hubfs\/piezolight-1.jpg\" alt=\"pjezolight-1\" \/><\/p>\n<h3><strong>Silent Power high-speed and Goldspeed slow-speed nozzles<\/strong><\/h3>\n<p>CASTELLINI offers a complete set of high-speed and slow-speed handpieces suitable for all areas of dentistry.<\/p>\n<p><img decoding=\"async\" src=\"https:\/\/www.castellini.com\/hubfs\/turbine-silent-power-1.jpg\" alt=\"turbinos tylioji galia-1\" \/><\/p>\n<h3><strong>T-LED<\/strong><\/h3>\n<p>The curing lamp can be used as a straight or 120\u00b0 angled version. The T-LED lamp, with a high power LED of maximum 2200 mW\/cm2 and an emission range of 430-490 nm, offers 6 preset programs and a sterilizable fiber optic.<\/p>\n<h3><strong>Effective protection that ensures exceptional security<\/strong><\/h3>\n<p>The design concept of the Puma ELI, which is ready to use with scientifically proven hygiene devices, is to minimize the risk of cross-contamination and is DVGW certified.<\/p>\n<h3><strong>Active hygiene<\/strong><\/h3>\n<p>To ensure strict disinfection of the cooling water supply circuit, Autosteril ST performs semi-automatic cycles with a contact time of 10 minutes. A separate water supply system removes any contaminants in the water. The bottle with the gray stripe is for distilled water and the bottle with the yellow stripe is used to disinfect the spray lines with disinfectant liquid.<\/p>\n<p><img decoding=\"async\" src=\"https:\/\/www.castellini.com\/hubfs\/mwb-1.jpg\" alt=\"mwb-1\" \/><\/p>\n<h3><strong>Passive hygiene systems<\/strong><\/h3>\n<p>In order to maintain a high level of hygiene both in the dental department and in the workplace, Castellini has developed an advanced passive protection concept. Medical staff and the patient can expect continuous protection from a range of elements specially designed to minimize any risk of contamination.<\/p>\n<h3><strong>Integrated video (Intraoral) camera<\/strong><\/h3>\n<p>The design of the camera&#039;s ergonomic handle has been improved to improve use in the oral cavity. HD quality images ensure flawless rendering and maximum examination accuracy. The depth of field of the optical system is from 5 to 70 mm. The 16:9 HD sensor adapts perfectly to the aspect ratio of the LED screen. The frame STOP function is activated with the touch button. The easy-to-attach and removable Macro Cap attachment magnifies up to 100x for detailed, ultra-sharp images.<\/p>\n<p><img decoding=\"async\" src=\"https:\/\/www.castellini.com\/hubfs\/telecamera-integrata-1.jpg\" alt=\"telekamera-integrata-1\" \/><\/p>\n<h3><strong>X-ray sensor (Visiograph)<\/strong><\/h3>\n<p>The Zen-X sensor (available in two sizes) is integrated in the dentist&#039;s module, which accelerates the acquisition of intraoral X-ray images. In a few seconds, the processed image is displayed on the monitor.<\/p>\n<p><img decoding=\"async\" src=\"https:\/\/www.castellini.com\/hubfs\/sensore-radiografico-1.jpg\" alt=\"sensorin\u0117 radiografija-1\" \/><\/p>\n<p>22 inch LED monitor<\/p>\n<p><img decoding=\"async\" src=\"https:\/\/www.castellini.com\/hubfs\/monitor-led-1.jpg\" alt=\"monitorius-led-1\" \/><\/p>\n<p>The certified medical device (according to EU Directive 93\/42) monitor ensures a flawless image and a simple interface. Thanks to its ergonomic design and special IPS panel, it offers a wide viewing angle. It can be integrated into dental equipment with both single-bend and double-bend brackets.<\/p>\n<p><iframe title=\"Puma Eli R\" width=\"1140\" height=\"641\" src=\"https:\/\/www.youtube.com\/embed\/UpLr1oupE20?feature=oembed\" frameborder=\"0\" allow=\"accelerometer; autoplay; clipboard-write; encrypted-media; gyroscope; picture-in-picture; web-share\" referrerpolicy=\"strict-origin-when-cross-origin\" allowfullscreen><\/iframe><\/p>","protected":false},"excerpt":{"rendered":"<p>Stilius \u201ePuma ELI Castellini\u201c esm\u0117 leid\u017eia odontologams ramiai ir lengvai atlikti savo kasdien\u012f darb\u0105. Modelis \u201ePuma ELI Castellini\u201c yra ypa\u010d lengvai valdomas, kompakti\u0161kas ir apr\u016bpintas ergonomi\u0161komis funkcijomis, tod\u0117l tai yra [&hellip;]<\/p>","protected":false},"featured_media":1563,"comment_status":"open","ping_status":"closed","template":"","meta":[],"product_cat":[17,21,23],"product_tag":[],"class_list":{"0":"post-1225","1":"product","2":"type-product","3":"status-publish","4":"has-post-thumbnail","6":"product_cat-odontologija","7":"product_cat-odontologijos-iranga","8":"product_cat-castellini","10":"first","11":"instock","12":"shipping-taxable","13":"product-type-simple"},"_links":{"self":[{"href":"https:\/\/irangaodontologams.lt\/en\/wp-json\/wp\/v2\/product\/1225","targetHints":{"allow":["GET"]}}],"collection":[{"href":"https:\/\/irangaodontologams.lt\/en\/wp-json\/wp\/v2\/product"}],"about":[{"href":"https:\/\/irangaodontologams.lt\/en\/wp-json\/wp\/v2\/types\/product"}],"replies":[{"embeddable":true,"href":"https:\/\/irangaodontologams.lt\/en\/wp-json\/wp\/v2\/comments?post=1225"}],"wp:featuredmedia":[{"embeddable":true,"href":"https:\/\/irangaodontologams.lt\/en\/wp-json\/wp\/v2\/media\/1563"}],"wp:attachment":[{"href":"https:\/\/irangaodontologams.lt\/en\/wp-json\/wp\/v2\/media?parent=1225"}],"wp:term":[{"taxonomy":"product_cat","embeddable":true,"href":"https:\/\/irangaodontologams.lt\/en\/wp-json\/wp\/v2\/product_cat?post=1225"},{"taxonomy":"product_tag","embeddable":true,"href":"https:\/\/irangaodontologams.lt\/en\/wp-json\/wp\/v2\/product_tag?post=1225"}],"curies":[{"name":"wp","href":"https:\/\/api.w.org\/{rel}","templated":true}]}}