{"id":1190,"date":"2024-06-14T17:48:16","date_gmt":"2024-06-14T17:48:16","guid":{"rendered":"https:\/\/irangaodontologams.lt\/?post_type=product&#038;p=1190"},"modified":"2025-03-06T08:08:52","modified_gmt":"2025-03-06T08:08:52","slug":"go-2d-newtom","status":"publish","type":"product","link":"https:\/\/irangaodontologams.lt\/en\/product\/go-2d-newtom\/","title":{"rendered":"GO 2D NewTom"},"content":{"rendered":"<h3><a href=\"https:\/\/www.newtom.it\/en\/dentale\/imaging-extraoral\/go\/\" target=\"_blank\" rel=\"noopener\"><img decoding=\"async\" class=\"alignnone\" src=\"https:\/\/freepngimg.com\/download\/icon\/development\/2899-download-pdf.png\" alt=\"Download Download Pdf ICON free | FreePNGImg\" width=\"70\" height=\"84\" \/><\/a><\/h3>\n<h3><strong>Exclusive technologies<\/strong><\/h3>\n<p>Thanks to CBCT technology, the first-ever NewTom - GO provides the dental industry with high-resolution (80 \u03bcm) diagnostics, data obtained in just one scan to reduce the impact of the number of X-rays. The field of view is defined according to diagnostic requirements and ranges from a minimum of 6 x 6 cm to 10 x 10 cm. 2D images can be acquired using several advanced feature protocols that allow dentists to obtain an accurate date.<\/p>\n<p><img fetchpriority=\"high\" decoding=\"async\" class=\"\" src=\"https:\/\/ceflamedicalna.com\/wp-content\/uploads\/2020\/09\/mnewtom-GO-3D_10710m-2020.jpg\" alt=\"Newtom GO 2D\/3D CEPH Integrated Imaging | Cefla Medical NA\" width=\"423\" height=\"423\" \/><\/p>\n<h3><strong>Automatic and ergonomic <\/strong><\/h3>\n<p>In order to ensure an accurate diagnosis in every situation, it is essential to follow procedures that ensure sharp and clear images at all times. GO 2D\/3D has a single native file 16-bit sensor that produces 2D and 3D images with thousands of gray levels. Image quality is ensured using advanced algorithms and protocols and a high-tech image sequence. A high-frequency pulsed emission generator adjusts the exposure to obtain the best scans with the lowest dose.<\/p>\n<h3><strong>High quality<\/strong><\/h3>\n<p>NewTom&#039;s accumulated experience and patient care is shared by the NewTom GO system, which today integrates all cephalometric features. Advanced features, trajectories and collimation are designed specifically for each study. Using exclusive &quot;SafeBeam\u2122&quot; technology, sharp and automatically obtained homogeneous images automatically adjust exposure parameters for each patient and reduce X-ray doses.<\/p>\n<p><img decoding=\"async\" class=\"\" src=\"https:\/\/ceflamedicalna.com\/wp-content\/uploads\/2020\/09\/newtom-go-3d-ceph-imaging-adult-dentition-1-768x371.jpg\" alt=\"Newtom GO 2D\/3D CEPH Integrated Imaging | Cefla Medical NA\" width=\"671\" height=\"324\" \/><\/p>\n<h3><strong>Specifications:<\/strong><\/h3>\n<table style=\"height: 950px;\" width=\"658\">\n<tbody>\n<tr>\n<td width=\"332\">(Maximum) theoretical resolution<\/td>\n<td width=\"332\">2D: 5-6.9 lp\/mm (pixels 100-73 \u00b5m)<\/p>\n<p>CEPH: 5.6 lp\/mm (89 \u00b5m pixels)<\/td>\n<\/tr>\n<tr>\n<td width=\"332\">Equivalent radiograph size (cm)<\/td>\n<td width=\"332\">PAN: 26.2 (length) x 14.4 (height)<\/p>\n<p>CEPH: 29.2 (length) x 22 (height)<\/td>\n<\/tr>\n<tr>\n<td width=\"332\">Field of view (mm)<\/td>\n<td width=\"332\">PAN: 210 (length) x 115 (height)<\/p>\n<p>CEPH: 258 (length) x 194 (height)<\/p>\n<p>PAN: 180 (length) x 100 (height)<\/p>\n<p>Teeth: 140 (length) x 100 (height)<\/td>\n<\/tr>\n<tr>\n<td width=\"332\">Maximum amount of video data<\/td>\n<td width=\"332\">PAN: 7.5 MB (one image)<\/p>\n<p>CEPH: 14 MB<\/td>\n<\/tr>\n<tr>\n<td width=\"332\">Increase<\/td>\n<td width=\"332\">PAN: 1.2-1.3<\/p>\n<p>CEPH: 1.13<\/td>\n<\/tr>\n<tr>\n<td width=\"332\">Scan time<\/td>\n<td width=\"332\">PAN: 13.7s (ORTHO), 12.2s (STD), 6.8s (ECO)<\/p>\n<p>CEPH: 9.9 s (REG); 3.7s (ECO)<\/td>\n<\/tr>\n<tr>\n<td width=\"332\">Evaluation of typical efficiency<\/p>\n<p>dose (ICRP 103)<\/td>\n<td width=\"332\">PAN: 5-9 \u00b5Sv<\/td>\n<\/tr>\n<tr>\n<td width=\"332\">Minimum video display time<\/td>\n<td width=\"332\">In real time<\/td>\n<\/tr>\n<tr>\n<td width=\"332\">Advanced filters<\/td>\n<td width=\"332\">ApT (Auto Adaptive Image Processing)<\/p>\n<p>Self-adaptive PAN<\/td>\n<\/tr>\n<\/tbody>\n<\/table>\n<p><iframe title=\"NewTom GO 2D\/3D\" width=\"1140\" height=\"641\" src=\"https:\/\/www.youtube.com\/embed\/rnzOxN1v7Ao?feature=oembed\" frameborder=\"0\" allow=\"accelerometer; autoplay; clipboard-write; encrypted-media; gyroscope; picture-in-picture; web-share\" referrerpolicy=\"strict-origin-when-cross-origin\" allowfullscreen><\/iframe><\/p>","protected":false},"excerpt":{"rendered":"<p>I\u0161skirtin\u0117s technologijos CBCT technologijos d\u0117ka \u2013 pirm\u0105 kart\u0105 pristatyta \u201eNewTom &#8211; GO\u201c teikia dant\u0173 gydymo pramonei itin nauding\u0105 didel\u0117s rai\u0161kos (80 \u03bcm) diagnostik\u0105, duomenys gaunami tik vienu nuskaitymu, siekiant suma\u017einti [&hellip;]<\/p>","protected":false},"featured_media":1191,"comment_status":"open","ping_status":"closed","template":"","meta":[],"product_cat":[17,25,29],"product_tag":[],"class_list":{"0":"post-1190","1":"product","2":"type-product","3":"status-publish","4":"has-post-thumbnail","6":"product_cat-odontologija","7":"product_cat-rentgenologija-ir-skaneriai","8":"product_cat-panoraminiai-2d","10":"first","11":"instock","12":"shipping-taxable","13":"product-type-simple"},"_links":{"self":[{"href":"https:\/\/irangaodontologams.lt\/en\/wp-json\/wp\/v2\/product\/1190","targetHints":{"allow":["GET"]}}],"collection":[{"href":"https:\/\/irangaodontologams.lt\/en\/wp-json\/wp\/v2\/product"}],"about":[{"href":"https:\/\/irangaodontologams.lt\/en\/wp-json\/wp\/v2\/types\/product"}],"replies":[{"embeddable":true,"href":"https:\/\/irangaodontologams.lt\/en\/wp-json\/wp\/v2\/comments?post=1190"}],"wp:featuredmedia":[{"embeddable":true,"href":"https:\/\/irangaodontologams.lt\/en\/wp-json\/wp\/v2\/media\/1191"}],"wp:attachment":[{"href":"https:\/\/irangaodontologams.lt\/en\/wp-json\/wp\/v2\/media?parent=1190"}],"wp:term":[{"taxonomy":"product_cat","embeddable":true,"href":"https:\/\/irangaodontologams.lt\/en\/wp-json\/wp\/v2\/product_cat?post=1190"},{"taxonomy":"product_tag","embeddable":true,"href":"https:\/\/irangaodontologams.lt\/en\/wp-json\/wp\/v2\/product_tag?post=1190"}],"curies":[{"name":"wp","href":"https:\/\/api.w.org\/{rel}","templated":true}]}}