{"id":1136,"date":"2024-06-14T14:35:44","date_gmt":"2024-06-14T14:35:44","guid":{"rendered":"https:\/\/irangaodontologams.lt\/?post_type=product&#038;p=1136"},"modified":"2024-11-11T11:11:09","modified_gmt":"2024-11-11T11:11:09","slug":"pura-plus","status":"publish","type":"product","link":"https:\/\/irangaodontologams.lt\/en\/product\/pura-plus\/","title":{"rendered":"Pura Plus"},"content":{"rendered":"<p>&quot;Pura Plus<strong>&#8222;<\/strong>\u00a0 is an extremely compact osmosis unit designed to connect directly to an autoclave to ensure a continuous supply of pure water. The system can be installed in several positions to facilitate installation and optimal organization of the available space. &quot;PuraPlus&quot; has a number of osmosis membranes and filters, the average duration of operation of which is from 600 to 800 liters, depending on the initial hardness of the water. Therefore, the cartridge needs to be replaced approximately once a year or after 600\/700 cycles. Changing the filter is a very simple process that users can easily perform. When the Pura Plus system is not producing water, there is no pressure, so all problems are avoided.<\/p>\n<h3><strong>Osmosis process<\/strong><\/h3>\n<p>This process removes even the smallest contaminating particles to ensure bacteriological purity. All this is done through an osmosis membrane that can filter water down to the molecular level to achieve excellent results in color, taste, smell and organoleptic purity. Water passes through a semi-permeable membrane from a less concentrated to a more concentrated salt solution. As the name itself clearly says, osmosis is a reverse process compared to the naturally occurring one, resulting from a force (mains water pressure) that pushes water in a more concentrated solution - the so-called &quot;contaminant&quot;. produces pure water through a semi-permeable osmotic membrane, removing 100% of all organic and 80% of inorganic substances to leave only the right amount of mineral salts that our body needs.<\/p>\n<h3><strong>Specifications:<\/strong><\/h3>\n<table>\n<tbody>\n<tr>\n<td width=\"332\">Ambient temperature of use<\/td>\n<td width=\"332\">+5\u00b0C to +30\u00b0C<\/td>\n<\/tr>\n<tr>\n<td width=\"332\">Device dimensions<\/td>\n<td width=\"332\">360mm, 460mm, 190mm<\/td>\n<\/tr>\n<tr>\n<td width=\"332\">Device weight<\/td>\n<td width=\"332\">3.5 Kg<\/td>\n<\/tr>\n<tr>\n<td width=\"332\">Device body material<\/td>\n<td width=\"332\">Steel Fe370 - ABS<\/td>\n<\/tr>\n<tr>\n<td width=\"332\">Flow rate at a supply pressure of 3.4 bar<\/td>\n<td width=\"332\">12l\/h (water temperature 20\u00b0C and conductivity 560 \u03bcS)<\/td>\n<\/tr>\n<tr>\n<td width=\"332\">Minimum and maximum pressure of the hydraulic system<\/td>\n<td width=\"332\">(2 \u00f7 7) bar<\/td>\n<\/tr>\n<tr>\n<td width=\"332\">The conductivity value of the water supplied to the device<\/td>\n<td width=\"332\">&lt; 15 \u00b5S<\/td>\n<\/tr>\n<tr>\n<td width=\"332\">The maximum installation distance of the device from the autoclave<\/td>\n<td width=\"332\">2 meters<\/td>\n<\/tr>\n<tr>\n<td width=\"332\">Salts, neutralized membranes and resins<\/td>\n<td width=\"332\">Organic and inorganic type<\/td>\n<\/tr>\n<\/tbody>\n<\/table>\n<p>&nbsp;<\/p>","protected":false},"excerpt":{"rendered":"<p>,,Pura Plus&#8222;\u00a0 yra itin kompakti\u0161kas osmoso \u012frenginys, skirtas jungti tiesiai prie autoklavo, kad b\u016bt\u0173 u\u017etikrintas nuolatinis gryno vandens tiekimas. Sistema gali b\u016bti montuojama keliose pad\u0117tyse, kad b\u016bt\u0173 lengviau montuoti ir [&hellip;]<\/p>","protected":false},"featured_media":1137,"comment_status":"open","ping_status":"closed","template":"","meta":[],"product_cat":[17,39],"product_tag":[],"class_list":{"0":"post-1136","1":"product","2":"type-product","3":"status-publish","4":"has-post-thumbnail","6":"product_cat-odontologija","7":"product_cat-vandens-valymo-sistemos","9":"first","10":"instock","11":"shipping-taxable","12":"product-type-simple"},"_links":{"self":[{"href":"https:\/\/irangaodontologams.lt\/en\/wp-json\/wp\/v2\/product\/1136","targetHints":{"allow":["GET"]}}],"collection":[{"href":"https:\/\/irangaodontologams.lt\/en\/wp-json\/wp\/v2\/product"}],"about":[{"href":"https:\/\/irangaodontologams.lt\/en\/wp-json\/wp\/v2\/types\/product"}],"replies":[{"embeddable":true,"href":"https:\/\/irangaodontologams.lt\/en\/wp-json\/wp\/v2\/comments?post=1136"}],"wp:featuredmedia":[{"embeddable":true,"href":"https:\/\/irangaodontologams.lt\/en\/wp-json\/wp\/v2\/media\/1137"}],"wp:attachment":[{"href":"https:\/\/irangaodontologams.lt\/en\/wp-json\/wp\/v2\/media?parent=1136"}],"wp:term":[{"taxonomy":"product_cat","embeddable":true,"href":"https:\/\/irangaodontologams.lt\/en\/wp-json\/wp\/v2\/product_cat?post=1136"},{"taxonomy":"product_tag","embeddable":true,"href":"https:\/\/irangaodontologams.lt\/en\/wp-json\/wp\/v2\/product_tag?post=1136"}],"curies":[{"name":"wp","href":"https:\/\/api.w.org\/{rel}","templated":true}]}}