{"id":1034,"date":"2024-06-14T09:42:30","date_gmt":"2024-06-14T09:42:30","guid":{"rendered":"https:\/\/irangaodontologams.lt\/?post_type=product&#038;p=1034"},"modified":"2024-06-14T09:44:05","modified_gmt":"2024-06-14T09:44:05","slug":"tac-400-m","status":"publish","type":"product","link":"https:\/\/irangaodontologams.lt\/en\/product\/tac-400-m\/","title":{"rendered":"TAC\/400M"},"content":{"rendered":"<p>The new digital amalgamator &quot;TAC 400\/M&quot; is characterized by a microprocessor that allows memorizing the mixing time of 10 different amalgam or other fillers. It is equipped with a new type of fork to accept any type of pre-dosed capsules. The amalgamator has a protective cover with a fuse that stops operation if it is opened during the cycle.<\/p>\n<ul>\n<li>Timer with display<\/li>\n<li>The time accuracy is equal to 1\/100 of a second<\/li>\n<\/ul>\n<p>&nbsp;<\/p>","protected":false},"excerpt":{"rendered":"<p>Naujasis skaitmeninis amalgamatorius ,,TAC 400\/M\u201d pasi\u017eymi mikroprocesoriumi, leid\u017eian\u010diu \u012fsiminti 10 skirting\u0173 amalgamos ar kit\u0173 u\u017epild\u0173 mai\u0161ymo laik\u0105. Jame sumontuota naujo tipo \u0161akut\u0117, skirta priimti bet kokio tipo i\u0161 anksto dozuotas [&hellip;]<\/p>","protected":false},"featured_media":1035,"comment_status":"open","ping_status":"closed","template":"","meta":[],"product_cat":[17,75],"product_tag":[],"class_list":{"0":"post-1034","1":"product","2":"type-product","3":"status-publish","4":"has-post-thumbnail","6":"product_cat-odontologija","7":"product_cat-kiti-prietaisai-ir-priemones","9":"first","10":"instock","11":"shipping-taxable","12":"product-type-simple"},"_links":{"self":[{"href":"https:\/\/irangaodontologams.lt\/en\/wp-json\/wp\/v2\/product\/1034","targetHints":{"allow":["GET"]}}],"collection":[{"href":"https:\/\/irangaodontologams.lt\/en\/wp-json\/wp\/v2\/product"}],"about":[{"href":"https:\/\/irangaodontologams.lt\/en\/wp-json\/wp\/v2\/types\/product"}],"replies":[{"embeddable":true,"href":"https:\/\/irangaodontologams.lt\/en\/wp-json\/wp\/v2\/comments?post=1034"}],"wp:featuredmedia":[{"embeddable":true,"href":"https:\/\/irangaodontologams.lt\/en\/wp-json\/wp\/v2\/media\/1035"}],"wp:attachment":[{"href":"https:\/\/irangaodontologams.lt\/en\/wp-json\/wp\/v2\/media?parent=1034"}],"wp:term":[{"taxonomy":"product_cat","embeddable":true,"href":"https:\/\/irangaodontologams.lt\/en\/wp-json\/wp\/v2\/product_cat?post=1034"},{"taxonomy":"product_tag","embeddable":true,"href":"https:\/\/irangaodontologams.lt\/en\/wp-json\/wp\/v2\/product_tag?post=1034"}],"curies":[{"name":"wp","href":"https:\/\/api.w.org\/{rel}","templated":true}]}}